{"id":1803,"date":"2020-07-02T20:28:03","date_gmt":"2020-07-02T20:28:03","guid":{"rendered":"https:\/\/www.mobildisplay.hu\/?page_id=1803"},"modified":"2025-05-11T15:37:58","modified_gmt":"2025-05-11T15:37:58","slug":"pop-up-sajto-falak","status":"publish","type":"page","link":"https:\/\/www.mobildisplay.hu\/index.php\/pop-up-sajto-falak\/","title":{"rendered":"Sajt\u00f3falak"},"content":{"rendered":"\t\t<div data-elementor-type=\"wp-page\" data-elementor-id=\"1803\" class=\"elementor elementor-1803\">\n\t\t\t\t\t\t<section class=\"elementor-section elementor-top-section elementor-element elementor-element-65f6e4c elementor-section-boxed elementor-section-height-default elementor-section-height-default\" data-id=\"65f6e4c\" data-element_type=\"section\">\n\t\t\t\t\t\t<div class=\"elementor-container elementor-column-gap-default\">\n\t\t\t\t\t<div class=\"elementor-column elementor-col-33 elementor-top-column elementor-element elementor-element-00ed8e5\" data-id=\"00ed8e5\" data-element_type=\"column\">\n\t\t\t<div class=\"elementor-widget-wrap elementor-element-populated\">\n\t\t\t\t\t\t<div class=\"elementor-element elementor-element-a0effd5 elementor-position-top elementor-widget elementor-widget-image-box\" data-id=\"a0effd5\" data-element_type=\"widget\" data-widget_type=\"image-box.default\">\n\t\t\t\t<div class=\"elementor-widget-container\">\n\t\t\t<div class=\"elementor-image-box-wrapper\"><figure class=\"elementor-image-box-img\"><a href=\"https:\/\/www.mobildisplay.hu\/index.php\/termekek\/pop-up-sajto-falak\/magnetic-popup-sajtofal\/\" tabindex=\"-1\"><img decoding=\"async\" src=\"https:\/\/www.mobildisplay.hu\/wp-content\/uploads\/elementor\/thumbs\/SnUp_82204-instr_08-sk-orw3macypbjus3efu6jww424sy0t8b1nplla7pdxj4.jpg\" title=\"M\u00e1gneses PopUp sajt\u00f3falak\" alt=\"M\u00e1gneses PopUp sajt\u00f3falak\" loading=\"lazy\" \/><\/a><\/figure><div class=\"elementor-image-box-content\"><h3 class=\"elementor-image-box-title\"><a href=\"https:\/\/www.mobildisplay.hu\/index.php\/termekek\/pop-up-sajto-falak\/magnetic-popup-sajtofal\/\">M\u00e1gneses PopUp sajt\u00f3falak<\/a><\/h3><\/div><\/div>\t\t<\/div>\n\t\t\t\t<\/div>\n\t\t\t\t\t<\/div>\n\t\t<\/div>\n\t\t\t\t<div class=\"elementor-column elementor-col-33 elementor-top-column elementor-element elementor-element-e9475cf\" data-id=\"e9475cf\" data-element_type=\"column\">\n\t\t\t<div class=\"elementor-widget-wrap elementor-element-populated\">\n\t\t\t\t\t\t<div class=\"elementor-element elementor-element-6a196aa elementor-position-top elementor-widget elementor-widget-image-box\" data-id=\"6a196aa\" data-element_type=\"widget\" data-widget_type=\"image-box.default\">\n\t\t\t\t<div class=\"elementor-widget-container\">\n\t\t\t<div class=\"elementor-image-box-wrapper\"><figure class=\"elementor-image-box-img\"><a href=\"https:\/\/www.mobildisplay.hu\/index.php\/termekek\/pop-up-sajto-falak\/textil-popup-sajtofal\/\" tabindex=\"-1\"><img fetchpriority=\"high\" decoding=\"async\" width=\"220\" height=\"300\" src=\"https:\/\/www.mobildisplay.hu\/wp-content\/uploads\/2020\/07\/Fabric-1-220x300.jpg\" class=\"attachment-medium size-medium wp-image-1806\" alt=\"Textil PopUp sajt\u00f3falak\" srcset=\"https:\/\/www.mobildisplay.hu\/wp-content\/uploads\/2020\/07\/Fabric-1-220x300.jpg 220w, https:\/\/www.mobildisplay.hu\/wp-content\/uploads\/2020\/07\/Fabric-1-752x1024.jpg 752w, https:\/\/www.mobildisplay.hu\/wp-content\/uploads\/2020\/07\/Fabric-1-768x1046.jpg 768w, https:\/\/www.mobildisplay.hu\/wp-content\/uploads\/2020\/07\/Fabric-1.jpg 833w\" sizes=\"(max-width: 220px) 100vw, 220px\" \/><\/a><\/figure><div class=\"elementor-image-box-content\"><h3 class=\"elementor-image-box-title\"><a href=\"https:\/\/www.mobildisplay.hu\/index.php\/termekek\/pop-up-sajto-falak\/textil-popup-sajtofal\/\">Textil PopUp sajt\u00f3falak<\/a><\/h3><\/div><\/div>\t\t<\/div>\n\t\t\t\t<\/div>\n\t\t\t\t\t<\/div>\n\t\t<\/div>\n\t\t\t\t<div class=\"elementor-column elementor-col-33 elementor-top-column elementor-element elementor-element-5e31c8f\" data-id=\"5e31c8f\" data-element_type=\"column\">\n\t\t\t<div class=\"elementor-widget-wrap elementor-element-populated\">\n\t\t\t\t\t\t<div class=\"elementor-element elementor-element-9dd4aa7 elementor-position-top elementor-widget elementor-widget-image-box\" data-id=\"9dd4aa7\" data-element_type=\"widget\" data-widget_type=\"image-box.default\">\n\t\t\t\t<div class=\"elementor-widget-container\">\n\t\t\t<div class=\"elementor-image-box-wrapper\"><figure class=\"elementor-image-box-img\"><a href=\"https:\/\/www.mobildisplay.hu\/index.php\/tube-csovazas-sajtofalak\/\" tabindex=\"-1\"><img decoding=\"async\" src=\"https:\/\/www.mobildisplay.hu\/wp-content\/uploads\/elementor\/thumbs\/TUBE-curved-ives-1-e1684936139810-q6xsfci9ar7lcacr9tsnrtsft3e64hr9vmw9ic44gw.jpg\" title=\"\" alt=\"\" loading=\"lazy\" \/><\/a><\/figure><div class=\"elementor-image-box-content\"><h3 class=\"elementor-image-box-title\"><a href=\"https:\/\/www.mobildisplay.hu\/index.php\/tube-csovazas-sajtofalak\/\">Tube cs\u0151v\u00e1zas sajt\u00f3falak<\/a><\/h3><\/div><\/div>\t\t<\/div>\n\t\t\t\t<\/div>\n\t\t\t\t\t<\/div>\n\t\t<\/div>\n\t\t\t\t\t<\/div>\n\t\t<\/section>\n\t\t\t\t<\/div>\n\t\t","protected":false},"excerpt":{"rendered":"<p>M\u00e1gneses PopUp sajt\u00f3falak Textil PopUp sajt\u00f3falak Tube cs\u0151v\u00e1zas sajt\u00f3falak<\/p>\n","protected":false},"author":1,"featured_media":0,"parent":0,"menu_order":0,"comment_status":"closed","ping_status":"closed","template":"","meta":{"om_disable_all_campaigns":false,"_monsterinsights_skip_tracking":false,"_monsterinsights_sitenote_active":false,"_monsterinsights_sitenote_note":"","_monsterinsights_sitenote_category":0,"footnotes":""},"aioseo_notices":[],"_links":{"self":[{"href":"https:\/\/www.mobildisplay.hu\/index.php\/wp-json\/wp\/v2\/pages\/1803"}],"collection":[{"href":"https:\/\/www.mobildisplay.hu\/index.php\/wp-json\/wp\/v2\/pages"}],"about":[{"href":"https:\/\/www.mobildisplay.hu\/index.php\/wp-json\/wp\/v2\/types\/page"}],"author":[{"embeddable":true,"href":"https:\/\/www.mobildisplay.hu\/index.php\/wp-json\/wp\/v2\/users\/1"}],"replies":[{"embeddable":true,"href":"https:\/\/www.mobildisplay.hu\/index.php\/wp-json\/wp\/v2\/comments?post=1803"}],"version-history":[{"count":44,"href":"https:\/\/www.mobildisplay.hu\/index.php\/wp-json\/wp\/v2\/pages\/1803\/revisions"}],"predecessor-version":[{"id":5060,"href":"https:\/\/www.mobildisplay.hu\/index.php\/wp-json\/wp\/v2\/pages\/1803\/revisions\/5060"}],"wp:attachment":[{"href":"https:\/\/www.mobildisplay.hu\/index.php\/wp-json\/wp\/v2\/media?parent=1803"}],"curies":[{"name":"wp","href":"https:\/\/api.w.org\/{rel}","templated":true}]}}