{"id":1724,"date":"2020-06-24T21:10:08","date_gmt":"2020-06-24T21:10:08","guid":{"rendered":"https:\/\/www.mobildisplay.hu\/?page_id=1724"},"modified":"2020-06-24T22:52:31","modified_gmt":"2020-06-24T22:52:31","slug":"every-day-850","status":"publish","type":"page","link":"https:\/\/www.mobildisplay.hu\/index.php\/roll-up\/every-day-850\/","title":{"rendered":"Every Day 850"},"content":{"rendered":"\t\t<div data-elementor-type=\"wp-page\" data-elementor-id=\"1724\" class=\"elementor elementor-1724\">\n\t\t\t\t\t\t<section class=\"elementor-section elementor-top-section elementor-element elementor-element-09d6556 elementor-section-boxed elementor-section-height-default elementor-section-height-default\" data-id=\"09d6556\" data-element_type=\"section\">\n\t\t\t\t\t\t<div class=\"elementor-container elementor-column-gap-default\">\n\t\t\t\t\t<div class=\"elementor-column elementor-col-100 elementor-top-column elementor-element elementor-element-ef159d7\" data-id=\"ef159d7\" data-element_type=\"column\">\n\t\t\t<div class=\"elementor-widget-wrap elementor-element-populated\">\n\t\t\t\t\t\t<div class=\"elementor-element elementor-element-cdbafa5 elementor-widget elementor-widget-heading\" data-id=\"cdbafa5\" data-element_type=\"widget\" data-widget_type=\"heading.default\">\n\t\t\t\t<div class=\"elementor-widget-container\">\n\t\t\t<h2 class=\"elementor-heading-title elementor-size-default\">Every Day - Standard Roll up<\/h2>\t\t<\/div>\n\t\t\t\t<\/div>\n\t\t\t\t\t<\/div>\n\t\t<\/div>\n\t\t\t\t\t<\/div>\n\t\t<\/section>\n\t\t\t\t<section class=\"elementor-section elementor-top-section elementor-element elementor-element-64af828 elementor-section-boxed elementor-section-height-default elementor-section-height-default\" data-id=\"64af828\" data-element_type=\"section\">\n\t\t\t\t\t\t<div class=\"elementor-container elementor-column-gap-default\">\n\t\t\t\t\t<div class=\"elementor-column elementor-col-100 elementor-top-column elementor-element elementor-element-6409bb9\" data-id=\"6409bb9\" data-element_type=\"column\">\n\t\t\t<div class=\"elementor-widget-wrap elementor-element-populated\">\n\t\t\t\t\t\t<div class=\"elementor-element elementor-element-1d203a3 elementor-widget elementor-widget-text-editor\" data-id=\"1d203a3\" data-element_type=\"widget\" data-widget_type=\"text-editor.default\">\n\t\t\t\t<div class=\"elementor-widget-container\">\n\t\t\t\t\t\t\t<p>Ez a praktikus belt\u00e9ri Roll up &#8211; molin\u00f3 tart\u00f3 ide\u00e1lis prezent\u00e1ci\u00f3kra, bemutat\u00f3kra. A kedvez\u0151 \u00e1r \u00e9s egyszer\u0171 haszn\u00e1lat mellett tov\u00e1bbi nagy el\u0151nye, hogy min\u0151s\u00e9gi silverback \u2013f\u00e9nyz\u00e1r\u00f3 nyomattal \u00e1rus\u00edtjuk. K\u00fcl\u00f6nb\u00f6z\u0151 sz\u00e9less\u00e9gben el\u00e9rhet\u0151.<\/p>\t\t\t\t\t\t<\/div>\n\t\t\t\t<\/div>\n\t\t\t\t\t<\/div>\n\t\t<\/div>\n\t\t\t\t\t<\/div>\n\t\t<\/section>\n\t\t\t\t<section class=\"elementor-section elementor-top-section elementor-element elementor-element-4d91a26 elementor-section-boxed elementor-section-height-default elementor-section-height-default\" data-id=\"4d91a26\" data-element_type=\"section\">\n\t\t\t\t\t\t<div class=\"elementor-container elementor-column-gap-default\">\n\t\t\t\t\t<div class=\"elementor-column elementor-col-100 elementor-top-column elementor-element elementor-element-5cb1de1\" data-id=\"5cb1de1\" data-element_type=\"column\">\n\t\t\t<div class=\"elementor-widget-wrap elementor-element-populated\">\n\t\t\t\t\t\t<div class=\"elementor-element elementor-element-ea4743f gallery-spacing-custom elementor-widget elementor-widget-image-gallery\" data-id=\"ea4743f\" data-element_type=\"widget\" data-widget_type=\"image-gallery.default\">\n\t\t\t\t<div class=\"elementor-widget-container\">\n\t\t\t\t\t<div class=\"elementor-image-gallery\">\n\t\t\t\t\t<\/div>\n\t\t\t\t<\/div>\n\t\t\t\t<\/div>\n\t\t\t\t\t<\/div>\n\t\t<\/div>\n\t\t\t\t\t<\/div>\n\t\t<\/section>\n\t\t\t\t<\/div>\n\t\t","protected":false},"excerpt":{"rendered":"<p>Every Day &#8211; Standard Roll up Ez a praktikus belt\u00e9ri Roll up &#8211; molin\u00f3 tart\u00f3 ide\u00e1lis prezent\u00e1ci\u00f3kra, bemutat\u00f3kra. A kedvez\u0151 \u00e1r \u00e9s egyszer\u0171 haszn\u00e1lat mellett&hellip;<\/p>\n","protected":false},"author":1,"featured_media":0,"parent":1656,"menu_order":0,"comment_status":"closed","ping_status":"closed","template":"","meta":{"om_disable_all_campaigns":false,"_monsterinsights_skip_tracking":false,"_monsterinsights_sitenote_active":false,"_monsterinsights_sitenote_note":"","_monsterinsights_sitenote_category":0,"footnotes":""},"aioseo_notices":[],"_links":{"self":[{"href":"https:\/\/www.mobildisplay.hu\/index.php\/wp-json\/wp\/v2\/pages\/1724"}],"collection":[{"href":"https:\/\/www.mobildisplay.hu\/index.php\/wp-json\/wp\/v2\/pages"}],"about":[{"href":"https:\/\/www.mobildisplay.hu\/index.php\/wp-json\/wp\/v2\/types\/page"}],"author":[{"embeddable":true,"href":"https:\/\/www.mobildisplay.hu\/index.php\/wp-json\/wp\/v2\/users\/1"}],"replies":[{"embeddable":true,"href":"https:\/\/www.mobildisplay.hu\/index.php\/wp-json\/wp\/v2\/comments?post=1724"}],"version-history":[{"count":5,"href":"https:\/\/www.mobildisplay.hu\/index.php\/wp-json\/wp\/v2\/pages\/1724\/revisions"}],"predecessor-version":[{"id":1760,"href":"https:\/\/www.mobildisplay.hu\/index.php\/wp-json\/wp\/v2\/pages\/1724\/revisions\/1760"}],"up":[{"embeddable":true,"href":"https:\/\/www.mobildisplay.hu\/index.php\/wp-json\/wp\/v2\/pages\/1656"}],"wp:attachment":[{"href":"https:\/\/www.mobildisplay.hu\/index.php\/wp-json\/wp\/v2\/media?parent=1724"}],"curies":[{"name":"wp","href":"https:\/\/api.w.org\/{rel}","templated":true}]}}