{"id":1667,"date":"2020-06-21T19:12:27","date_gmt":"2020-06-21T19:12:27","guid":{"rendered":"https:\/\/www.mobildisplay.hu\/?page_id=1667"},"modified":"2025-05-11T15:38:52","modified_gmt":"2025-05-11T15:38:52","slug":"bovitheto-oriasi-hatter-falak-iso","status":"publish","type":"page","link":"https:\/\/www.mobildisplay.hu\/index.php\/bovitheto-oriasi-hatter-falak-iso\/","title":{"rendered":"B\u0151v\u00edthet\u0151 sajt\u00f3falak, ISO-rendszerek"},"content":{"rendered":"\t\t<div data-elementor-type=\"wp-page\" data-elementor-id=\"1667\" class=\"elementor elementor-1667\">\n\t\t\t\t\t\t<section class=\"elementor-section elementor-top-section elementor-element elementor-element-ce70a76 elementor-section-boxed elementor-section-height-default elementor-section-height-default\" data-id=\"ce70a76\" data-element_type=\"section\">\n\t\t\t\t\t\t<div class=\"elementor-container elementor-column-gap-default\">\n\t\t\t\t\t<div class=\"elementor-column elementor-col-33 elementor-top-column elementor-element elementor-element-38fc0f8\" data-id=\"38fc0f8\" data-element_type=\"column\">\n\t\t\t<div class=\"elementor-widget-wrap elementor-element-populated\">\n\t\t\t\t\t\t<div class=\"elementor-element elementor-element-16dd403 elementor-position-top elementor-widget elementor-widget-image-box\" data-id=\"16dd403\" data-element_type=\"widget\" data-widget_type=\"image-box.default\">\n\t\t\t\t<div class=\"elementor-widget-container\">\n\t\t\t<div class=\"elementor-image-box-wrapper\"><figure class=\"elementor-image-box-img\"><a href=\"https:\/\/www.mobildisplay.hu\/index.php\/termekek__trashed\/bovitheto-oriasi-hatter-falak-iso\/isoframe-wave\/\" tabindex=\"-1\"><img fetchpriority=\"high\" decoding=\"async\" width=\"2560\" height=\"1155\" src=\"https:\/\/www.mobildisplay.hu\/wp-content\/uploads\/2023\/01\/wave7_complete-high-1-scaled.jpg\" class=\"attachment-full size-full wp-image-2214\" alt=\"B\u0151v\u00edthet\u0151 sajt\u00f3falak, ISO-rendszerek, ISOframe Wave\" srcset=\"https:\/\/www.mobildisplay.hu\/wp-content\/uploads\/2023\/01\/wave7_complete-high-1-scaled.jpg 2560w, https:\/\/www.mobildisplay.hu\/wp-content\/uploads\/2023\/01\/wave7_complete-high-1-300x135.jpg 300w, https:\/\/www.mobildisplay.hu\/wp-content\/uploads\/2023\/01\/wave7_complete-high-1-1024x462.jpg 1024w, https:\/\/www.mobildisplay.hu\/wp-content\/uploads\/2023\/01\/wave7_complete-high-1-768x347.jpg 768w, https:\/\/www.mobildisplay.hu\/wp-content\/uploads\/2023\/01\/wave7_complete-high-1-1536x693.jpg 1536w, https:\/\/www.mobildisplay.hu\/wp-content\/uploads\/2023\/01\/wave7_complete-high-1-2048x924.jpg 2048w\" sizes=\"(max-width: 2560px) 100vw, 2560px\" \/><\/a><\/figure><div class=\"elementor-image-box-content\"><h3 class=\"elementor-image-box-title\"><a href=\"https:\/\/www.mobildisplay.hu\/index.php\/termekek__trashed\/bovitheto-oriasi-hatter-falak-iso\/isoframe-wave\/\">ISOframe Wave<\/a><\/h3><\/div><\/div>\t\t<\/div>\n\t\t\t\t<\/div>\n\t\t\t\t\t<\/div>\n\t\t<\/div>\n\t\t\t\t<div class=\"elementor-column elementor-col-33 elementor-top-column elementor-element elementor-element-e4dd01c\" data-id=\"e4dd01c\" data-element_type=\"column\">\n\t\t\t<div class=\"elementor-widget-wrap elementor-element-populated\">\n\t\t\t\t\t\t<div class=\"elementor-element elementor-element-22e2ec9 elementor-position-top elementor-widget elementor-widget-image-box\" data-id=\"22e2ec9\" data-element_type=\"widget\" data-widget_type=\"image-box.default\">\n\t\t\t\t<div class=\"elementor-widget-container\">\n\t\t\t<div class=\"elementor-image-box-wrapper\"><figure class=\"elementor-image-box-img\"><a href=\"https:\/\/www.mobildisplay.hu\/index.php\/termekek__trashed\/bovitheto-oriasi-hatter-falak-iso\/isoframe-fabric\/\" tabindex=\"-1\"><img decoding=\"async\" width=\"1500\" height=\"1000\" src=\"https:\/\/www.mobildisplay.hu\/wp-content\/uploads\/2023\/02\/3x2isoframe-fabric-high.jpg\" class=\"attachment-full size-full wp-image-3379\" alt=\"B\u0151v\u00edthet\u0151 sajt\u00f3falak, ISO-rendszerek, ISOframe Fabric\" srcset=\"https:\/\/www.mobildisplay.hu\/wp-content\/uploads\/2023\/02\/3x2isoframe-fabric-high.jpg 1500w, https:\/\/www.mobildisplay.hu\/wp-content\/uploads\/2023\/02\/3x2isoframe-fabric-high-300x200.jpg 300w, https:\/\/www.mobildisplay.hu\/wp-content\/uploads\/2023\/02\/3x2isoframe-fabric-high-1024x683.jpg 1024w, https:\/\/www.mobildisplay.hu\/wp-content\/uploads\/2023\/02\/3x2isoframe-fabric-high-768x512.jpg 768w\" sizes=\"(max-width: 1500px) 100vw, 1500px\" \/><\/a><\/figure><div class=\"elementor-image-box-content\"><h3 class=\"elementor-image-box-title\"><a href=\"https:\/\/www.mobildisplay.hu\/index.php\/termekek__trashed\/bovitheto-oriasi-hatter-falak-iso\/isoframe-fabric\/\">ISOframe Fabric<\/a><\/h3><\/div><\/div>\t\t<\/div>\n\t\t\t\t<\/div>\n\t\t\t\t\t<\/div>\n\t\t<\/div>\n\t\t\t\t<div class=\"elementor-column elementor-col-33 elementor-top-column elementor-element elementor-element-e79da72\" data-id=\"e79da72\" data-element_type=\"column\">\n\t\t\t<div class=\"elementor-widget-wrap elementor-element-populated\">\n\t\t\t\t\t\t<div class=\"elementor-element elementor-element-7fb8a70 elementor-position-top elementor-widget elementor-widget-image-box\" data-id=\"7fb8a70\" data-element_type=\"widget\" data-widget_type=\"image-box.default\">\n\t\t\t\t<div class=\"elementor-widget-container\">\n\t\t\t<div class=\"elementor-image-box-wrapper\"><figure class=\"elementor-image-box-img\"><a href=\"https:\/\/www.mobildisplay.hu\/index.php\/termekek__trashed\/bovitheto-oriasi-hatter-falak-iso\/isoframe-ripple\/\" tabindex=\"-1\"><img decoding=\"async\" width=\"1651\" height=\"1101\" src=\"https:\/\/www.mobildisplay.hu\/wp-content\/uploads\/2023\/02\/3x2isoframeripple.jpg\" class=\"attachment-full size-full wp-image-3360\" alt=\"B\u0151v\u00edthet\u0151 sajt\u00f3falak, ISO-rendszerek, ISOframe Ripple\" srcset=\"https:\/\/www.mobildisplay.hu\/wp-content\/uploads\/2023\/02\/3x2isoframeripple.jpg 1651w, https:\/\/www.mobildisplay.hu\/wp-content\/uploads\/2023\/02\/3x2isoframeripple-300x200.jpg 300w, https:\/\/www.mobildisplay.hu\/wp-content\/uploads\/2023\/02\/3x2isoframeripple-1024x683.jpg 1024w, https:\/\/www.mobildisplay.hu\/wp-content\/uploads\/2023\/02\/3x2isoframeripple-768x512.jpg 768w, https:\/\/www.mobildisplay.hu\/wp-content\/uploads\/2023\/02\/3x2isoframeripple-1536x1024.jpg 1536w\" sizes=\"(max-width: 1651px) 100vw, 1651px\" \/><\/a><\/figure><div class=\"elementor-image-box-content\"><h3 class=\"elementor-image-box-title\"><a href=\"https:\/\/www.mobildisplay.hu\/index.php\/termekek__trashed\/bovitheto-oriasi-hatter-falak-iso\/isoframe-ripple\/\">ISOframe Ripple<\/a><\/h3><\/div><\/div>\t\t<\/div>\n\t\t\t\t<\/div>\n\t\t\t\t\t<\/div>\n\t\t<\/div>\n\t\t\t\t\t<\/div>\n\t\t<\/section>\n\t\t\t\t<\/div>\n\t\t","protected":false},"excerpt":{"rendered":"<p>ISOframe Wave ISOframe Fabric ISOframe Ripple<\/p>\n","protected":false},"author":1,"featured_media":0,"parent":0,"menu_order":0,"comment_status":"closed","ping_status":"closed","template":"","meta":{"om_disable_all_campaigns":false,"_monsterinsights_skip_tracking":false,"_monsterinsights_sitenote_active":false,"_monsterinsights_sitenote_note":"","_monsterinsights_sitenote_category":0,"footnotes":""},"aioseo_notices":[],"_links":{"self":[{"href":"https:\/\/www.mobildisplay.hu\/index.php\/wp-json\/wp\/v2\/pages\/1667"}],"collection":[{"href":"https:\/\/www.mobildisplay.hu\/index.php\/wp-json\/wp\/v2\/pages"}],"about":[{"href":"https:\/\/www.mobildisplay.hu\/index.php\/wp-json\/wp\/v2\/types\/page"}],"author":[{"embeddable":true,"href":"https:\/\/www.mobildisplay.hu\/index.php\/wp-json\/wp\/v2\/users\/1"}],"replies":[{"embeddable":true,"href":"https:\/\/www.mobildisplay.hu\/index.php\/wp-json\/wp\/v2\/comments?post=1667"}],"version-history":[{"count":59,"href":"https:\/\/www.mobildisplay.hu\/index.php\/wp-json\/wp\/v2\/pages\/1667\/revisions"}],"predecessor-version":[{"id":5063,"href":"https:\/\/www.mobildisplay.hu\/index.php\/wp-json\/wp\/v2\/pages\/1667\/revisions\/5063"}],"wp:attachment":[{"href":"https:\/\/www.mobildisplay.hu\/index.php\/wp-json\/wp\/v2\/media?parent=1667"}],"curies":[{"name":"wp","href":"https:\/\/api.w.org\/{rel}","templated":true}]}}