{"id":1558,"date":"2020-05-03T15:51:53","date_gmt":"2020-05-03T15:51:53","guid":{"rendered":"https:\/\/www.mobildisplay.hu\/?page_id=1558"},"modified":"2025-12-15T08:26:33","modified_gmt":"2025-12-15T08:26:33","slug":"nyomtatas","status":"publish","type":"page","link":"https:\/\/www.mobildisplay.hu\/index.php\/nyomtatas\/","title":{"rendered":"Nyomtat\u00e1s"},"content":{"rendered":"\t\t<div data-elementor-type=\"wp-page\" data-elementor-id=\"1558\" class=\"elementor elementor-1558\">\n\t\t\t\t\t\t<section class=\"elementor-section elementor-top-section elementor-element elementor-element-bcd4959 elementor-section-boxed elementor-section-height-default elementor-section-height-default\" data-id=\"bcd4959\" data-element_type=\"section\">\n\t\t\t\t\t\t<div class=\"elementor-container elementor-column-gap-default\">\n\t\t\t\t\t<div class=\"elementor-column elementor-col-100 elementor-top-column elementor-element elementor-element-c95ce0a\" data-id=\"c95ce0a\" data-element_type=\"column\">\n\t\t\t<div class=\"elementor-widget-wrap elementor-element-populated\">\n\t\t\t\t\t\t<div class=\"elementor-element elementor-element-f0b52b1 elementor-widget elementor-widget-text-editor\" data-id=\"f0b52b1\" data-element_type=\"widget\" data-widget_type=\"text-editor.default\">\n\t\t\t\t<div class=\"elementor-widget-container\">\n\t\t\t\t\t\t\t<h2 data-pm-slice=\"1 1 []\"><strong>Pr\u00e9mium min\u0151s\u00e9g\u0171 nyomtat\u00e1s rekl\u00e1meszk\u00f6z\u00f6kh\u00f6z<\/strong><\/h2>\n<p>C\u00e9g\u00fcnk nemcsak ki\u00e1ll\u00edt\u00e1si rendszerek forgalmaz\u00e1s\u00e1val foglalkozik, hanem teljes k\u00f6r\u0171 nyomtat\u00e1si szolg\u00e1ltat\u00e1st is biztos\u00edt. Kiv\u00e1l\u00f3 min\u0151s\u00e9g\u0171 rekl\u00e1mdekor\u00e1ci\u00f3kkal gondoskodunk arr\u00f3l, hogy \u00fcgyfeleink vizu\u00e1lis megjelen\u00e9se a lehet\u0151 legprofesszion\u00e1lisabb legyen.<\/p>\t\t\t\t\t\t<\/div>\n\t\t\t\t<\/div>\n\t\t\t\t<div class=\"elementor-element elementor-element-38c5e65 elementor-widget-divider--view-line elementor-widget elementor-widget-divider\" data-id=\"38c5e65\" data-element_type=\"widget\" data-widget_type=\"divider.default\">\n\t\t\t\t<div class=\"elementor-widget-container\">\n\t\t\t\t\t<div class=\"elementor-divider\">\n\t\t\t<span class=\"elementor-divider-separator\">\n\t\t\t\t\t\t<\/span>\n\t\t<\/div>\n\t\t\t\t<\/div>\n\t\t\t\t<\/div>\n\t\t\t\t<div class=\"elementor-element elementor-element-88cc6f6 elementor-widget elementor-widget-text-editor\" data-id=\"88cc6f6\" data-element_type=\"widget\" data-widget_type=\"text-editor.default\">\n\t\t\t\t<div class=\"elementor-widget-container\">\n\t\t\t\t\t\t\t<h3 data-pm-slice=\"1 1 []\"><strong>Roll-up, sajt\u00f3fal, molin\u00f3 vagy strandz\u00e1szl\u00f3?<\/strong><\/h3><p>Legyen sz\u00f3 b\u00e1rmilyen rekl\u00e1meszk\u00f6zr\u0151l, kiemelten fontos sz\u00e1munkra, hogy a nyomtat\u00e1s sor\u00e1n a legkorszer\u0171bb technol\u00f3gi\u00e1t \u00e9s a legjobb min\u0151s\u00e9g\u0171 alapanyagokat alkalmazzuk. Az alacsony min\u0151s\u00e9g\u0171 nyomathordoz\u00f3k cs\u00f6kkenthetik a rekl\u00e1meszk\u00f6z\u00f6k hat\u00e9konys\u00e1g\u00e1t, ez\u00e9rt mi kiz\u00e1r\u00f3lag tart\u00f3s, eszt\u00e9tikus \u00e9s id\u0151t\u00e1ll\u00f3 megold\u00e1sokat k\u00edn\u00e1lunk.<\/p><p>\u2714 \u00c9l\u00e9nk sz\u00ednek \u00e9s \u00e9les nyomatok<br \/>\u2714\u00a0Id\u0151t\u00e1ll\u00f3, strapab\u00edr\u00f3 anyagok<br \/>\u2714\u00a0Pontos illeszked\u00e9s a rekl\u00e1meszk\u00f6z\u00f6kre<br \/>\u2714\u00a0Professzion\u00e1lis kivitelez\u00e9s minden r\u00e9szletben<\/p><p>A legjobb min\u0151s\u00e9g\u0171 anyagokra, a legmodernebb berendez\u00e9sekkel nyomtatunk, \u00edgy biztos\u00edtva a kifog\u00e1stalan v\u00e9geredm\u00e9nyt.<\/p>\t\t\t\t\t\t<\/div>\n\t\t\t\t<\/div>\n\t\t\t\t<div class=\"elementor-element elementor-element-a21baae elementor-widget-divider--view-line elementor-widget elementor-widget-divider\" data-id=\"a21baae\" data-element_type=\"widget\" data-widget_type=\"divider.default\">\n\t\t\t\t<div class=\"elementor-widget-container\">\n\t\t\t\t\t<div class=\"elementor-divider\">\n\t\t\t<span class=\"elementor-divider-separator\">\n\t\t\t\t\t\t<\/span>\n\t\t<\/div>\n\t\t\t\t<\/div>\n\t\t\t\t<\/div>\n\t\t\t\t<div class=\"elementor-element elementor-element-e7fb76c elementor-widget elementor-widget-text-editor\" data-id=\"e7fb76c\" data-element_type=\"widget\" data-widget_type=\"text-editor.default\">\n\t\t\t\t<div class=\"elementor-widget-container\">\n\t\t\t\t\t\t\t<h3 data-pm-slice=\"1 1 []\"><strong>Pr\u00e9mium min\u0151s\u00e9g \u00e9s hossz\u00fa \u00e9lettartam<\/strong><\/h3>\n<p>Minden elk\u00e9sz\u00fclt nyomatot alapos min\u0151s\u00e9gellen\u0151rz\u00e9snek vet\u00fcnk al\u00e1, \u00e9s az \u00e1tad\u00e1s el\u0151tt tesztelj\u00fck a kiv\u00e1lasztott rekl\u00e1meszk\u00f6z\u00f6n, hogy garant\u00e1ljuk a t\u00f6k\u00e9letes illeszked\u00e9st \u00e9s a kifog\u00e1stalan v\u00e9geredm\u00e9nyt.<\/p>\n<p>Egy gondosan megtervezett \u00e9s ig\u00e9nyesen kivitelezett rekl\u00e1mdekor\u00e1ci\u00f3 nem csup\u00e1n marketingeszk\u00f6z \u2013 ez v\u00e1llalkoz\u00e1s\u00e1nak vizu\u00e1lis n\u00e9vjegye. A magas min\u0151s\u00e9g\u0171 nyomatok seg\u00edtenek a m\u00e1rka\u00e9p\u00edt\u00e9sben, figyelemfelkelt\u0151ek \u00e9s hozz\u00e1j\u00e1rulnak a professzion\u00e1lis arculathoz.<\/p>\t\t\t\t\t\t<\/div>\n\t\t\t\t<\/div>\n\t\t\t\t<div class=\"elementor-element elementor-element-d944bc1 elementor-widget-divider--view-line elementor-widget elementor-widget-divider\" data-id=\"d944bc1\" data-element_type=\"widget\" data-widget_type=\"divider.default\">\n\t\t\t\t<div class=\"elementor-widget-container\">\n\t\t\t\t\t<div class=\"elementor-divider\">\n\t\t\t<span class=\"elementor-divider-separator\">\n\t\t\t\t\t\t<\/span>\n\t\t<\/div>\n\t\t\t\t<\/div>\n\t\t\t\t<\/div>\n\t\t\t\t<div class=\"elementor-element elementor-element-4ecc75b elementor-widget elementor-widget-text-editor\" data-id=\"4ecc75b\" data-element_type=\"widget\" data-widget_type=\"text-editor.default\">\n\t\t\t\t<div class=\"elementor-widget-container\">\n\t\t\t\t\t\t\t<h3 data-pm-slice=\"1 1 []\"><strong>Teljes k\u00f6r\u0171 nyomtat\u00e1si szolg\u00e1ltat\u00e1s<\/strong><\/h3>\n<p>Ha szeretn\u00e9 friss\u00edteni megl\u00e9v\u0151 kreat\u00edvj\u00e1t, grafikai tervez\u00e9sre vagy nyomatcser\u00e9re van sz\u00fcks\u00e9ge, forduljon hozz\u00e1nk bizalommal! Szak\u00e9rt\u0151 csapatunk gondoskodik r\u00f3la, hogy rekl\u00e1meszk\u00f6zei mindig a legmagasabb sz\u00ednvonalat k\u00e9pviselj\u00e9k.<\/p>\t\t\t\t\t\t<\/div>\n\t\t\t\t<\/div>\n\t\t\t\t<div class=\"elementor-element elementor-element-c71e2a1 elementor-widget-divider--view-line elementor-widget elementor-widget-divider\" data-id=\"c71e2a1\" data-element_type=\"widget\" data-widget_type=\"divider.default\">\n\t\t\t\t<div class=\"elementor-widget-container\">\n\t\t\t\t\t<div class=\"elementor-divider\">\n\t\t\t<span class=\"elementor-divider-separator\">\n\t\t\t\t\t\t<\/span>\n\t\t<\/div>\n\t\t\t\t<\/div>\n\t\t\t\t<\/div>\n\t\t\t\t<div class=\"elementor-element elementor-element-6ab7a36 elementor-widget elementor-widget-text-editor\" data-id=\"6ab7a36\" data-element_type=\"widget\" data-widget_type=\"text-editor.default\">\n\t\t\t\t<div class=\"elementor-widget-container\">\n\t\t\t\t\t\t\t<h2 data-pm-slice=\"1 1 []\"><strong>V\u00e1lassza professzion\u00e1lis nyomtat\u00e1si szolg\u00e1ltat\u00e1sunkat<\/strong><\/h2>\n<p data-pm-slice=\"1 1 []\">Amennyiben \u00d6nnek fontos a professzion\u00e1lis megjelen\u00e9s, a tart\u00f3s min\u0151s\u00e9g \u00e9s a kifog\u00e1stalan kivitelez\u00e9s, nyomtat\u00e1si szolg\u00e1ltat\u00e1sunk az ide\u00e1lis v\u00e1laszt\u00e1s. Pr\u00e9mium alapanyagokkal \u00e9s korszer\u0171 technol\u00f3gi\u00e1val dolgozunk, hogy rekl\u00e1meszk\u00f6zei hossz\u00fa t\u00e1von is eszt\u00e9tikusak \u00e9s hat\u00e9konyak maradjanak. Szolg\u00e1ltat\u00e1sunk nem csup\u00e1n a kiv\u00e1l\u00f3 nyomtat\u00e1si min\u0151s\u00e9get garant\u00e1lja, hanem a teljes k\u00f6r\u0171 t\u00e1mogat\u00e1st is \u2013 a tervez\u00e9st\u0151l a kivitelez\u00e9sig minden r\u00e9szletre odafigyel\u00fcnk. Professzion\u00e1lis csapatunk seg\u00edt megtal\u00e1lni az \u00d6n sz\u00e1m\u00e1ra legmegfelel\u0151bb megold\u00e1st, \u00edgy biztos lehet benne, hogy rekl\u00e1manyagai minden helyzetben kiemelked\u0151en fognak mutatni.<\/p>\n<p data-pm-slice=\"1 1 []\">Ne hagyja, hogy v\u00e1llalkoz\u00e1sa vizu\u00e1lis megjelen\u00e9se k\u00f6z\u00e9pszer\u0171 legyen! L\u00e9pjen kapcsolatba vel\u00fcnk, \u00e9s biztos\u00edtsa v\u00e1llalkoz\u00e1sa vizu\u00e1lis siker\u00e9t pr\u00e9mium nyomtat\u00e1si szolg\u00e1ltat\u00e1sunkkal!<\/p>\n<p>Garant\u00e1ljuk, hogy rekl\u00e1manyagai minden helyzetben kiemelked\u0151en mutassanak. L\u00e9pjen kapcsolatba vel\u00fcnk, \u00e9s biztos\u00edtsa v\u00e1llalkoz\u00e1sa vizu\u00e1lis siker\u00e9t!<\/p>\t\t\t\t\t\t<\/div>\n\t\t\t\t<\/div>\n\t\t\t\t<div class=\"elementor-element elementor-element-ee0d67e elementor-align-center elementor-widget elementor-widget-button\" data-id=\"ee0d67e\" data-element_type=\"widget\" data-widget_type=\"button.default\">\n\t\t\t\t<div class=\"elementor-widget-container\">\n\t\t\t\t\t<div class=\"elementor-button-wrapper\">\n\t\t\t<a class=\"elementor-button elementor-button-link elementor-size-sm\" href=\"https:\/\/www.mobildisplay.hu\/index.php\/elerhetoseg\/\">\n\t\t\t\t\t\t<span class=\"elementor-button-content-wrapper\">\n\t\t\t\t\t\t\t\t\t<span class=\"elementor-button-text\">El\u00e9rhet\u0151s\u00e9gek<\/span>\n\t\t\t\t\t<\/span>\n\t\t\t\t\t<\/a>\n\t\t<\/div>\n\t\t\t\t<\/div>\n\t\t\t\t<\/div>\n\t\t\t\t\t<\/div>\n\t\t<\/div>\n\t\t\t\t\t<\/div>\n\t\t<\/section>\n\t\t\t\t<\/div>\n\t\t","protected":false},"excerpt":{"rendered":"<p>Pr\u00e9mium min\u0151s\u00e9g\u0171 nyomtat\u00e1s rekl\u00e1meszk\u00f6z\u00f6kh\u00f6z C\u00e9g\u00fcnk nemcsak ki\u00e1ll\u00edt\u00e1si rendszerek forgalmaz\u00e1s\u00e1val foglalkozik, hanem teljes k\u00f6r\u0171 nyomtat\u00e1si szolg\u00e1ltat\u00e1st is biztos\u00edt. Kiv\u00e1l\u00f3 min\u0151s\u00e9g\u0171 rekl\u00e1mdekor\u00e1ci\u00f3kkal gondoskodunk arr\u00f3l, hogy \u00fcgyfeleink vizu\u00e1lis&hellip;<\/p>\n","protected":false},"author":1,"featured_media":0,"parent":0,"menu_order":0,"comment_status":"closed","ping_status":"closed","template":"","meta":{"om_disable_all_campaigns":false,"_monsterinsights_skip_tracking":false,"_monsterinsights_sitenote_active":false,"_monsterinsights_sitenote_note":"","_monsterinsights_sitenote_category":0,"footnotes":""},"aioseo_notices":[],"_links":{"self":[{"href":"https:\/\/www.mobildisplay.hu\/index.php\/wp-json\/wp\/v2\/pages\/1558"}],"collection":[{"href":"https:\/\/www.mobildisplay.hu\/index.php\/wp-json\/wp\/v2\/pages"}],"about":[{"href":"https:\/\/www.mobildisplay.hu\/index.php\/wp-json\/wp\/v2\/types\/page"}],"author":[{"embeddable":true,"href":"https:\/\/www.mobildisplay.hu\/index.php\/wp-json\/wp\/v2\/users\/1"}],"replies":[{"embeddable":true,"href":"https:\/\/www.mobildisplay.hu\/index.php\/wp-json\/wp\/v2\/comments?post=1558"}],"version-history":[{"count":37,"href":"https:\/\/www.mobildisplay.hu\/index.php\/wp-json\/wp\/v2\/pages\/1558\/revisions"}],"predecessor-version":[{"id":5177,"href":"https:\/\/www.mobildisplay.hu\/index.php\/wp-json\/wp\/v2\/pages\/1558\/revisions\/5177"}],"wp:attachment":[{"href":"https:\/\/www.mobildisplay.hu\/index.php\/wp-json\/wp\/v2\/media?parent=1558"}],"curies":[{"name":"wp","href":"https:\/\/api.w.org\/{rel}","templated":true}]}}