{"id":1537,"date":"2020-05-03T15:27:35","date_gmt":"2020-05-03T15:27:35","guid":{"rendered":"https:\/\/www.mobildisplay.hu\/?page_id=1537"},"modified":"2025-05-11T15:51:54","modified_gmt":"2025-05-11T15:51:54","slug":"rolunk","status":"publish","type":"page","link":"https:\/\/www.mobildisplay.hu\/index.php\/rolunk\/","title":{"rendered":"R\u00f3lunk"},"content":{"rendered":"\t\t<div data-elementor-type=\"wp-page\" data-elementor-id=\"1537\" class=\"elementor elementor-1537\">\n\t\t\t\t\t\t<section class=\"elementor-section elementor-top-section elementor-element elementor-element-289fad2 elementor-section-boxed elementor-section-height-default elementor-section-height-default\" data-id=\"289fad2\" data-element_type=\"section\">\n\t\t\t\t\t\t<div class=\"elementor-container elementor-column-gap-default\">\n\t\t\t\t\t<div class=\"elementor-column elementor-col-50 elementor-top-column elementor-element elementor-element-d650afd\" data-id=\"d650afd\" data-element_type=\"column\">\n\t\t\t<div class=\"elementor-widget-wrap elementor-element-populated\">\n\t\t\t\t\t\t<div class=\"elementor-element elementor-element-5a52130a elementor-widget elementor-widget-text-editor\" data-id=\"5a52130a\" data-element_type=\"widget\" data-widget_type=\"text-editor.default\">\n\t\t\t\t<div class=\"elementor-widget-container\">\n\t\t\t\t\t\t\t<!-- wp:paragraph -->\n<h3 data-start=\"0\" data-end=\"98\"><strong data-start=\"4\" data-end=\"96\">A Mobildisplay Kft. \u2013 Pr\u00e9mium ki\u00e1ll\u00edt\u00e1si eszk\u00f6z\u00f6k \u00e9s teljes k\u00f6r\u0171 szolg\u00e1ltat\u00e1s egy helyen<\/strong><\/h3>\n<p data-start=\"100\" data-end=\"494\">A Mobildisplay Kft. 2000 \u00f3ta forgalmazza a vil\u00e1gszerte elismert <strong data-start=\"164\" data-end=\"185\">Mark Bric Display<\/strong> sv\u00e9d pr\u00e9mium kateg\u00f3ri\u00e1s ki\u00e1ll\u00edt\u00e1si eszk\u00f6zeit, amelyeket a skandin\u00e1v m\u00e9rn\u00f6ki precizit\u00e1s, a kiemelked\u0151 min\u0151s\u00e9g \u00e9s a hossz\u00fa \u00e9lettartam jellemez. Az elm\u00falt t\u00f6bb mint k\u00e9t \u00e9vtized sor\u00e1n folyamatosan figyelemmel k\u00eds\u00e9rt\u00fck a piaci ig\u00e9nyek v\u00e1ltoz\u00e1sait, \u00e9s \u00fcgyfeleink elv\u00e1r\u00e1sainak megfelel\u0151en b\u0151v\u00edtett\u00fck k\u00edn\u00e1latunkat.<\/p>\n<p data-start=\"496\" data-end=\"975\">Ma m\u00e1r nemcsak a sv\u00e9d gy\u00e1rt\u00e1s\u00fa ki\u00e1ll\u00edt\u00e1si rendszereket forgalmazzuk, hanem <strong data-start=\"571\" data-end=\"606\">angol \u00e9s m\u00e1s nemzetk\u00f6zi gy\u00e1rt\u00f3k<\/strong> pr\u00e9mium term\u00e9keit is, amelyek a funkcionalit\u00e1s \u00e9s az eszt\u00e9tikai kivitelez\u00e9s ter\u00e9n egyar\u00e1nt a legmagasabb sz\u00ednvonalat k\u00e9pviselik. Ennek k\u00f6sz\u00f6nhet\u0151en k\u00edn\u00e1latunkban kiz\u00e1r\u00f3lag olyan eszk\u00f6z\u00f6k tal\u00e1lhat\u00f3k meg, amelyek az itthoni piacon egyed\u00fcl\u00e1ll\u00f3 min\u0151s\u00e9get garant\u00e1lnak \u2013 <strong data-start=\"872\" data-end=\"972\">Roll-upokt\u00f3l a b\u0151v\u00edthet\u0151 sajt\u00f3falakon \u00e1t a leg\u00fajabb technol\u00f3gi\u00e1val k\u00e9sz\u00fclt vil\u00e1g\u00edt\u00f3 sajt\u00f3falakig<\/strong>.<\/p>\n<!-- \/wp:paragraph -->\t\t\t\t\t\t<\/div>\n\t\t\t\t<\/div>\n\t\t\t\t\t<\/div>\n\t\t<\/div>\n\t\t\t\t<div class=\"elementor-column elementor-col-50 elementor-top-column elementor-element elementor-element-ad19dd4\" data-id=\"ad19dd4\" data-element_type=\"column\">\n\t\t\t<div class=\"elementor-widget-wrap elementor-element-populated\">\n\t\t\t\t\t\t<div class=\"elementor-element elementor-element-be77cc7 elementor-widget elementor-widget-image\" data-id=\"be77cc7\" data-element_type=\"widget\" data-widget_type=\"image.default\">\n\t\t\t\t<div class=\"elementor-widget-container\">\n\t\t\t\t\t\t\t\t\t\t\t\t\t<img decoding=\"async\" src=\"https:\/\/www.mobildisplay.hu\/wp-content\/uploads\/elementor\/thumbs\/Mark-Bric-11b-qkl5j68yf80rpu6ninrdq784j5mjs8qk0i36o0zthc.jpg\" title=\"\" alt=\"\" loading=\"lazy\" \/>\t\t\t\t\t\t\t\t\t\t\t\t\t<\/div>\n\t\t\t\t<\/div>\n\t\t\t\t\t<\/div>\n\t\t<\/div>\n\t\t\t\t\t<\/div>\n\t\t<\/section>\n\t\t\t\t<section class=\"elementor-section elementor-top-section elementor-element elementor-element-74fd7cac elementor-section-boxed elementor-section-height-default elementor-section-height-default\" data-id=\"74fd7cac\" data-element_type=\"section\">\n\t\t\t\t\t\t<div class=\"elementor-container elementor-column-gap-default\">\n\t\t\t\t\t<div class=\"elementor-column elementor-col-100 elementor-top-column elementor-element elementor-element-6f7785c8\" data-id=\"6f7785c8\" data-element_type=\"column\">\n\t\t\t<div class=\"elementor-widget-wrap elementor-element-populated\">\n\t\t\t\t\t\t<div class=\"elementor-element elementor-element-fb40004 elementor-widget elementor-widget-text-editor\" data-id=\"fb40004\" data-element_type=\"widget\" data-widget_type=\"text-editor.default\">\n\t\t\t\t<div class=\"elementor-widget-container\">\n\t\t\t\t\t\t\t<h3 data-start=\"977\" data-end=\"1043\"><strong data-start=\"981\" data-end=\"1041\">Teljes k\u00f6r\u0171 szolg\u00e1ltat\u00e1s a professzion\u00e1lis megjelen\u00e9s\u00e9rt<\/strong><\/h3>\n<p data-start=\"1045\" data-end=\"1324\">C\u00e9g\u00fcnk nem csup\u00e1n pr\u00e9mium ki\u00e1ll\u00edt\u00e1si eszk\u00f6z\u00f6ket k\u00edn\u00e1l, hanem <strong data-start=\"1106\" data-end=\"1138\">komplex szolg\u00e1ltat\u00e1scsomagot<\/strong> is biztos\u00edt \u00fcgyfeleink sz\u00e1m\u00e1ra, hogy minden sz\u00fcks\u00e9ges t\u00e1mogat\u00e1st egy helyen vehessenek ig\u00e9nybe. Az al\u00e1bbi szolg\u00e1ltat\u00e1sokkal seg\u00edtj\u00fck a professzion\u00e1lis \u00e9s figyelemfelkelt\u0151 megjelen\u00e9st:<\/p>\t\t\t\t\t\t<\/div>\n\t\t\t\t<\/div>\n\t\t\t\t\t<\/div>\n\t\t<\/div>\n\t\t\t\t\t<\/div>\n\t\t<\/section>\n\t\t\t\t<section class=\"elementor-section elementor-top-section elementor-element elementor-element-c9fe2f3 elementor-section-boxed elementor-section-height-default elementor-section-height-default\" data-id=\"c9fe2f3\" data-element_type=\"section\">\n\t\t\t\t\t\t<div class=\"elementor-container elementor-column-gap-default\">\n\t\t\t\t\t<div class=\"elementor-column elementor-col-25 elementor-top-column elementor-element elementor-element-04855dc\" data-id=\"04855dc\" data-element_type=\"column\">\n\t\t\t<div class=\"elementor-widget-wrap elementor-element-populated\">\n\t\t\t\t\t\t<div class=\"elementor-element elementor-element-970566b elementor-widget elementor-widget-icon-box\" data-id=\"970566b\" data-element_type=\"widget\" data-widget_type=\"icon-box.default\">\n\t\t\t\t<div class=\"elementor-widget-container\">\n\t\t\t\t\t<div class=\"elementor-icon-box-wrapper\">\n\n\t\t\t\n\t\t\t\t\t\t<div class=\"elementor-icon-box-content\">\n\n\t\t\t\t\t\t\t\t\t<h3 class=\"elementor-icon-box-title\">\n\t\t\t\t\t\t<a href=\"https:\/\/www.mobildisplay.hu\/index.php\/grafikai-tervezes\/\" >\n\t\t\t\t\t\t\tGrafikai tervez\u00e9s\t\t\t\t\t\t<\/a>\n\t\t\t\t\t<\/h3>\n\t\t\t\t\n\t\t\t\t\t\t\t\t\t<p class=\"elementor-icon-box-description\">\n\t\t\t\t\t\tTapasztalt grafikusunk gondoskodik r\u00f3la, hogy az \u00d6n arculata t\u00f6k\u00e9letesen illeszkedjen a ki\u00e1ll\u00edt\u00e1si eszk\u00f6z\u00f6kh\u00f6z, mik\u00f6zben kreat\u00edv \u00e9s eszt\u00e9tikus megold\u00e1sokat ny\u00fajt.\t\t\t\t\t<\/p>\n\t\t\t\t\n\t\t\t<\/div>\n\t\t\t\n\t\t<\/div>\n\t\t\t\t<\/div>\n\t\t\t\t<\/div>\n\t\t\t\t\t<\/div>\n\t\t<\/div>\n\t\t\t\t<div class=\"elementor-column elementor-col-25 elementor-top-column elementor-element elementor-element-e4acea2\" data-id=\"e4acea2\" data-element_type=\"column\">\n\t\t\t<div class=\"elementor-widget-wrap elementor-element-populated\">\n\t\t\t\t\t\t<div class=\"elementor-element elementor-element-ee40544 elementor-widget elementor-widget-icon-box\" data-id=\"ee40544\" data-element_type=\"widget\" data-widget_type=\"icon-box.default\">\n\t\t\t\t<div class=\"elementor-widget-container\">\n\t\t\t\t\t<div class=\"elementor-icon-box-wrapper\">\n\n\t\t\t\n\t\t\t\t\t\t<div class=\"elementor-icon-box-content\">\n\n\t\t\t\t\t\t\t\t\t<h3 class=\"elementor-icon-box-title\">\n\t\t\t\t\t\t<a href=\"https:\/\/www.mobildisplay.hu\/index.php\/nyomtatas\/\" >\n\t\t\t\t\t\t\tProfesszion\u00e1lis nyomtat\u00e1s\t\t\t\t\t\t<\/a>\n\t\t\t\t\t<\/h3>\n\t\t\t\t\n\t\t\t\t\t\t\t\t\t<p class=\"elementor-icon-box-description\">\n\t\t\t\t\t\tPr\u00e9mium min\u0151s\u00e9g\u0171 alapanyagokkal \u00e9s korszer\u0171 nyomtat\u00e1si technol\u00f3gi\u00e1val biztos\u00edtjuk a tart\u00f3s, sz\u00ednhelyes \u00e9s vizu\u00e1lisan megnyer\u0151 nyomatokat.\t\t\t\t\t<\/p>\n\t\t\t\t\n\t\t\t<\/div>\n\t\t\t\n\t\t<\/div>\n\t\t\t\t<\/div>\n\t\t\t\t<\/div>\n\t\t\t\t\t<\/div>\n\t\t<\/div>\n\t\t\t\t<div class=\"elementor-column elementor-col-25 elementor-top-column elementor-element elementor-element-bb1cc3b\" data-id=\"bb1cc3b\" data-element_type=\"column\">\n\t\t\t<div class=\"elementor-widget-wrap elementor-element-populated\">\n\t\t\t\t\t\t<div class=\"elementor-element elementor-element-34c234d elementor-widget elementor-widget-icon-box\" data-id=\"34c234d\" data-element_type=\"widget\" data-widget_type=\"icon-box.default\">\n\t\t\t\t<div class=\"elementor-widget-container\">\n\t\t\t\t\t<div class=\"elementor-icon-box-wrapper\">\n\n\t\t\t\n\t\t\t\t\t\t<div class=\"elementor-icon-box-content\">\n\n\t\t\t\t\t\t\t\t\t<h3 class=\"elementor-icon-box-title\">\n\t\t\t\t\t\t<a href=\"https:\/\/www.mobildisplay.hu\/index.php\/fotozas\/\" >\n\t\t\t\t\t\t\tRendezv\u00e9nyfot\u00f3z\u00e1s\t\t\t\t\t\t<\/a>\n\t\t\t\t\t<\/h3>\n\t\t\t\t\n\t\t\t\t\t\t\t\t\t<p class=\"elementor-icon-box-description\">\n\t\t\t\t\t\tHa rendezv\u00e9ny\u00e9r\u0151l vagy ki\u00e1ll\u00edt\u00e1s\u00e1r\u00f3l professzion\u00e1lis, marketingc\u00e9lokra is felhaszn\u00e1lhat\u00f3 k\u00e9pi anyagot szeretne, tapasztalt fot\u00f3sunk gondoskodik a t\u00f6k\u00e9letes meg\u00f6r\u00f6k\u00edt\u00e9sr\u0151l.\t\t\t\t\t<\/p>\n\t\t\t\t\n\t\t\t<\/div>\n\t\t\t\n\t\t<\/div>\n\t\t\t\t<\/div>\n\t\t\t\t<\/div>\n\t\t\t\t\t<\/div>\n\t\t<\/div>\n\t\t\t\t<div class=\"elementor-column elementor-col-25 elementor-top-column elementor-element elementor-element-34ffac4\" data-id=\"34ffac4\" data-element_type=\"column\">\n\t\t\t<div class=\"elementor-widget-wrap elementor-element-populated\">\n\t\t\t\t\t\t<div class=\"elementor-element elementor-element-ad42fca elementor-widget elementor-widget-icon-box\" data-id=\"ad42fca\" data-element_type=\"widget\" data-widget_type=\"icon-box.default\">\n\t\t\t\t<div class=\"elementor-widget-container\">\n\t\t\t\t\t<div class=\"elementor-icon-box-wrapper\">\n\n\t\t\t\n\t\t\t\t\t\t<div class=\"elementor-icon-box-content\">\n\n\t\t\t\t\t\t\t\t\t<h3 class=\"elementor-icon-box-title\">\n\t\t\t\t\t\t<span  >\n\t\t\t\t\t\t\tKi\u00e1ll\u00edt\u00e1si eszk\u00f6z\u00f6k sz\u00e1ll\u00edt\u00e1sa, \u00e9p\u00edt\u00e9se \u00e9s bont\u00e1sa\t\t\t\t\t\t<\/span>\n\t\t\t\t\t<\/h3>\n\t\t\t\t\n\t\t\t\t\t\t\t\t\t<p class=\"elementor-icon-box-description\">\n\t\t\t\t\t\tTeljes k\u00f6r\u0171 logisztikai szolg\u00e1ltat\u00e1sunk mag\u00e1ban foglalja az eszk\u00f6z\u00f6k helysz\u00ednre sz\u00e1ll\u00edt\u00e1s\u00e1t, professzion\u00e1lis fel\u00e9p\u00edt\u00e9s\u00e9t, valamint a rendezv\u00e9ny v\u00e9gezt\u00e9vel t\u00f6rt\u00e9n\u0151 szakszer\u0171 lebont\u00e1s\u00e1t \u00e9s elsz\u00e1ll\u00edt\u00e1s\u00e1t is.\t\t\t\t\t<\/p>\n\t\t\t\t\n\t\t\t<\/div>\n\t\t\t\n\t\t<\/div>\n\t\t\t\t<\/div>\n\t\t\t\t<\/div>\n\t\t\t\t\t<\/div>\n\t\t<\/div>\n\t\t\t\t\t<\/div>\n\t\t<\/section>\n\t\t\t\t<section class=\"elementor-section elementor-top-section elementor-element elementor-element-4eb1b88 elementor-section-boxed elementor-section-height-default elementor-section-height-default\" data-id=\"4eb1b88\" data-element_type=\"section\">\n\t\t\t\t\t\t<div class=\"elementor-container elementor-column-gap-default\">\n\t\t\t\t\t<div class=\"elementor-column elementor-col-100 elementor-top-column elementor-element elementor-element-34236d0\" data-id=\"34236d0\" data-element_type=\"column\">\n\t\t\t<div class=\"elementor-widget-wrap elementor-element-populated\">\n\t\t\t\t\t\t<div class=\"elementor-element elementor-element-5b0beed elementor-widget elementor-widget-text-editor\" data-id=\"5b0beed\" data-element_type=\"widget\" data-widget_type=\"text-editor.default\">\n\t\t\t\t<div class=\"elementor-widget-container\">\n\t\t\t\t\t\t\t<p>A <strong data-start=\"2263\" data-end=\"2335\">min\u0151s\u00e9gi alapanyagok, a prec\u00edz kivitelez\u00e9s \u00e9s a folyamatos innov\u00e1ci\u00f3<\/strong> r\u00e9v\u00e9n garant\u00e1ljuk, hogy \u00fcgyfeleink minden ki\u00e1ll\u00edt\u00e1son, konferenci\u00e1n vagy prom\u00f3ci\u00f3s esem\u00e9nyen a lehet\u0151 legjobb vizu\u00e1lis megjelen\u00e9ssel k\u00e9pviselj\u00e9k v\u00e1llalkoz\u00e1sukat. Ha \u00d6n is professzion\u00e1lis \u00e9s teljes k\u00f6r\u0171 megold\u00e1st keres ki\u00e1ll\u00edt\u00e1si megjelen\u00e9s\u00e9hez, forduljon hozz\u00e1nk bizalommal!<\/p>\t\t\t\t\t\t<\/div>\n\t\t\t\t<\/div>\n\t\t\t\t\t<\/div>\n\t\t<\/div>\n\t\t\t\t\t<\/div>\n\t\t<\/section>\n\t\t\t\t<\/div>\n\t\t","protected":false},"excerpt":{"rendered":"<p>A Mobildisplay Kft. \u2013 Pr\u00e9mium ki\u00e1ll\u00edt\u00e1si eszk\u00f6z\u00f6k \u00e9s teljes k\u00f6r\u0171 szolg\u00e1ltat\u00e1s egy helyen A Mobildisplay Kft. 2000 \u00f3ta forgalmazza a vil\u00e1gszerte elismert Mark Bric Display&hellip;<\/p>\n","protected":false},"author":1,"featured_media":0,"parent":0,"menu_order":0,"comment_status":"closed","ping_status":"closed","template":"","meta":{"om_disable_all_campaigns":false,"_monsterinsights_skip_tracking":false,"_monsterinsights_sitenote_active":false,"_monsterinsights_sitenote_note":"","_monsterinsights_sitenote_category":0,"footnotes":""},"aioseo_notices":[],"_links":{"self":[{"href":"https:\/\/www.mobildisplay.hu\/index.php\/wp-json\/wp\/v2\/pages\/1537"}],"collection":[{"href":"https:\/\/www.mobildisplay.hu\/index.php\/wp-json\/wp\/v2\/pages"}],"about":[{"href":"https:\/\/www.mobildisplay.hu\/index.php\/wp-json\/wp\/v2\/types\/page"}],"author":[{"embeddable":true,"href":"https:\/\/www.mobildisplay.hu\/index.php\/wp-json\/wp\/v2\/users\/1"}],"replies":[{"embeddable":true,"href":"https:\/\/www.mobildisplay.hu\/index.php\/wp-json\/wp\/v2\/comments?post=1537"}],"version-history":[{"count":32,"href":"https:\/\/www.mobildisplay.hu\/index.php\/wp-json\/wp\/v2\/pages\/1537\/revisions"}],"predecessor-version":[{"id":5102,"href":"https:\/\/www.mobildisplay.hu\/index.php\/wp-json\/wp\/v2\/pages\/1537\/revisions\/5102"}],"wp:attachment":[{"href":"https:\/\/www.mobildisplay.hu\/index.php\/wp-json\/wp\/v2\/media?parent=1537"}],"curies":[{"name":"wp","href":"https:\/\/api.w.org\/{rel}","templated":true}]}}