{"id":1531,"date":"2020-05-03T15:16:39","date_gmt":"2020-05-03T15:16:39","guid":{"rendered":"https:\/\/www.mobildisplay.hu\/?page_id=1531"},"modified":"2025-09-01T13:47:07","modified_gmt":"2025-09-01T13:47:07","slug":"elerhetoseg","status":"publish","type":"page","link":"https:\/\/www.mobildisplay.hu\/index.php\/elerhetoseg\/","title":{"rendered":"El\u00e9rhet\u0151s\u00e9geink"},"content":{"rendered":"\t\t<div data-elementor-type=\"wp-page\" data-elementor-id=\"1531\" class=\"elementor elementor-1531\">\n\t\t\t\t\t\t<section class=\"elementor-section elementor-top-section elementor-element elementor-element-49faead4 elementor-section-boxed elementor-section-height-default elementor-section-height-default\" data-id=\"49faead4\" data-element_type=\"section\">\n\t\t\t\t\t\t<div class=\"elementor-container elementor-column-gap-default\">\n\t\t\t\t\t<div class=\"elementor-column elementor-col-100 elementor-top-column elementor-element elementor-element-21a8ee83\" data-id=\"21a8ee83\" data-element_type=\"column\">\n\t\t\t<div class=\"elementor-widget-wrap elementor-element-populated\">\n\t\t\t\t\t\t<div class=\"elementor-element elementor-element-0a3014a elementor-widget elementor-widget-text-editor\" data-id=\"0a3014a\" data-element_type=\"widget\" data-widget_type=\"text-editor.default\">\n\t\t\t\t<div class=\"elementor-widget-container\">\n\t\t\t\t\t\t\t<h2 data-start=\"49\" data-end=\"73\"><strong data-start=\"79\" data-end=\"100\">MOBILDISPLAY KFT.<\/strong><\/h2><p data-start=\"104\" data-end=\"210\">\ud83d\udcde <strong data-start=\"107\" data-end=\"119\">Telefon:<\/strong> <a href=\"tel:+36302114920\">+36 30 211 4920<\/a><br data-start=\"135\" data-end=\"138\" \/>\u2709\ufe0f <strong data-start=\"141\" data-end=\"152\">E-mail:<\/strong> <a rel=\"noopener\" data-start=\"153\" data-end=\"208\">mobildisplay@gmail.com<\/a><\/p><p data-start=\"212\" data-end=\"271\">\ud83d\udccd <strong data-start=\"215\" data-end=\"238\">Bemutat\u00f3terem c\u00edme:<\/strong><br data-start=\"238\" data-end=\"241\" \/><a href=\"https:\/\/maps.app.goo.gl\/eL2EdwGcAdw1iPAe6\" target=\"_blank\" rel=\"noopener\">1143 Budapest, Ilka utca 29.<\/a><\/p><p data-start=\"273\" data-end=\"370\">\ud83d\udd14 <strong data-start=\"276\" data-end=\"287\">Fontos!<\/strong><br data-start=\"287\" data-end=\"290\" \/>Bemutat\u00f3term\u00fcnk megtekint\u00e9se el\u0151tt k\u00e9rj\u00fck, egyeztessen id\u0151pontot koll\u00e9g\u00e1nkkal!<\/p>\t\t\t\t\t\t<\/div>\n\t\t\t\t<\/div>\n\t\t\t\t<div class=\"elementor-element elementor-element-174a135 elementor-widget-divider--view-line elementor-widget elementor-widget-divider\" data-id=\"174a135\" data-element_type=\"widget\" data-widget_type=\"divider.default\">\n\t\t\t\t<div class=\"elementor-widget-container\">\n\t\t\t\t\t<div class=\"elementor-divider\">\n\t\t\t<span class=\"elementor-divider-separator\">\n\t\t\t\t\t\t<\/span>\n\t\t<\/div>\n\t\t\t\t<\/div>\n\t\t\t\t<\/div>\n\t\t\t\t<div class=\"elementor-element elementor-element-2e83f0d elementor-widget elementor-widget-html\" data-id=\"2e83f0d\" data-element_type=\"widget\" data-widget_type=\"html.default\">\n\t\t\t\t<div class=\"elementor-widget-container\">\n\t\t\t<iframe src=\"https:\/\/www.google.com\/maps\/embed?pb=!1m14!1m8!1m3!1d2695.0389794628845!2d19.095332290460192!3d47.50863209421159!3m2!1i1024!2i768!4f13.1!3m3!1m2!1s0x4741dc83b1116501%3A0xf8f49022341c0dde!2sMobildisplay%20Kft.!5e0!3m2!1shu!2sus!4v1713181847224!5m2!1shu!2sus\" width=\"100%\" height=\"350\" style=\"border:0;\" allowfullscreen=\"\" loading=\"lazy\" referrerpolicy=\"no-referrer-when-downgrade\"><\/iframe>\t\t<\/div>\n\t\t\t\t<\/div>\n\t\t\t\t\t<\/div>\n\t\t<\/div>\n\t\t\t\t\t<\/div>\n\t\t<\/section>\n\t\t\t\t<section class=\"elementor-section elementor-top-section elementor-element elementor-element-028e437 elementor-section-boxed elementor-section-height-default elementor-section-height-default\" data-id=\"028e437\" data-element_type=\"section\">\n\t\t\t\t\t\t<div class=\"elementor-container elementor-column-gap-default\">\n\t\t\t\t\t<div class=\"elementor-column elementor-col-100 elementor-top-column elementor-element elementor-element-2e976dd\" data-id=\"2e976dd\" data-element_type=\"column\">\n\t\t\t<div class=\"elementor-widget-wrap\">\n\t\t\t\t\t\t\t<\/div>\n\t\t<\/div>\n\t\t\t\t\t<\/div>\n\t\t<\/section>\n\t\t\t\t<\/div>\n\t\t","protected":false},"excerpt":{"rendered":"<p>MOBILDISPLAY KFT. \ud83d\udcde Telefon: +36 30 211 4920\u2709\ufe0f E-mail: mobildisplay@gmail.com \ud83d\udccd Bemutat\u00f3terem c\u00edme:1143 Budapest, Ilka utca 29. \ud83d\udd14 Fontos!Bemutat\u00f3term\u00fcnk megtekint\u00e9se el\u0151tt k\u00e9rj\u00fck, egyeztessen id\u0151pontot koll\u00e9g\u00e1nkkal!<\/p>\n","protected":false},"author":1,"featured_media":0,"parent":0,"menu_order":0,"comment_status":"closed","ping_status":"closed","template":"","meta":{"om_disable_all_campaigns":false,"_monsterinsights_skip_tracking":false,"_monsterinsights_sitenote_active":false,"_monsterinsights_sitenote_note":"","_monsterinsights_sitenote_category":0,"footnotes":""},"aioseo_notices":[],"_links":{"self":[{"href":"https:\/\/www.mobildisplay.hu\/index.php\/wp-json\/wp\/v2\/pages\/1531"}],"collection":[{"href":"https:\/\/www.mobildisplay.hu\/index.php\/wp-json\/wp\/v2\/pages"}],"about":[{"href":"https:\/\/www.mobildisplay.hu\/index.php\/wp-json\/wp\/v2\/types\/page"}],"author":[{"embeddable":true,"href":"https:\/\/www.mobildisplay.hu\/index.php\/wp-json\/wp\/v2\/users\/1"}],"replies":[{"embeddable":true,"href":"https:\/\/www.mobildisplay.hu\/index.php\/wp-json\/wp\/v2\/comments?post=1531"}],"version-history":[{"count":46,"href":"https:\/\/www.mobildisplay.hu\/index.php\/wp-json\/wp\/v2\/pages\/1531\/revisions"}],"predecessor-version":[{"id":5119,"href":"https:\/\/www.mobildisplay.hu\/index.php\/wp-json\/wp\/v2\/pages\/1531\/revisions\/5119"}],"wp:attachment":[{"href":"https:\/\/www.mobildisplay.hu\/index.php\/wp-json\/wp\/v2\/media?parent=1531"}],"curies":[{"name":"wp","href":"https:\/\/api.w.org\/{rel}","templated":true}]}}